{"id":386,"date":"2018-03-01T11:40:17","date_gmt":"2018-03-01T11:40:17","guid":{"rendered":"http:\/\/www.idertia.es\/?page_id=386"},"modified":"2018-03-01T11:40:17","modified_gmt":"2018-03-01T11:40:17","slug":"insonorizante-caja-de-cambios-vw-plus","status":"publish","type":"page","link":"https:\/\/www.idertia.es\/eu\/insonorizante-caja-de-cambios-vw-plus\/","title":{"rendered":"Insonorizante caja de cambios VW Plus"},"content":{"rendered":"<div class=\"wpb-content-wrapper\"><p>[vc_row type=&#8221;vc_default&#8221; full_width=&#8221;stretch_row&#8221; css=&#8221;.vc_custom_1519296291453{margin-top: -70px !important;padding-top: 40px !important;padding-bottom: 60px !important;}&#8221;][vc_column][vc_column_text]<\/p>\n<h1 class=\"h2-size\" style=\"text-align: center; color: #363636;\">Insonorizante caja de cambios VW Plus<\/h1>\n<p>[\/vc_column_text][vc_empty_space height=&#8221;40&#8243;][vc_row_inner][vc_column_inner width=&#8221;1\/2&#8243;]<div class=\"standard-arrow bullet-top\"><ul>\n<li>Proyecto llave en mano para el cliente.<\/li>\n<li>Desarrollo de producto y mejora.<\/li>\n<li>Simulaci\u00f3n de par\u00e1metros.<\/li>\n<\/ul>\n<\/div>[\/vc_column_inner][vc_column_inner width=&#8221;1\/2&#8243;]<div class=\"standard-arrow bullet-top\"><ul>\n<li>Dise\u00f1o y fabricaci\u00f3n de utillaje, \u00fatiles de control y mano de robot.<\/li>\n<li>Producci\u00f3n de piezas y control de calidad.<\/li>\n<\/ul>\n<\/div>[\/vc_column_inner][\/vc_row_inner][\/vc_column][\/vc_row][vc_row][vc_column][vc_media_grid grid_id=&#8221;vc_gid:1519903894816-34987609-1175-10&#8243; include=&#8221;366,377,336,389,390,391&#8243;][\/vc_column][\/vc_row]<\/p>\n<\/div>","protected":false},"excerpt":{"rendered":"<p>[vc_row type=&#8221;vc_default&#8221; full_width=&#8221;stretch_row&#8221; css=&#8221;.vc_custom_1519296291453{margin-top: -70px !important;padding-top: 40px !important;padding-bottom: 60px !important;}&#8221;][vc_column][vc_column_text] Insonorizante caja de cambios VW Plus [\/vc_column_text][vc_empty_space height=&#8221;40&#8243;][vc_row_inner][vc_column_inner width=&#8221;1\/2&#8243;][\/vc_column_inner][vc_column_inner width=&#8221;1\/2&#8243;][\/vc_column_inner][\/vc_row_inner][\/vc_column][\/vc_row][vc_row][vc_column][vc_media_grid grid_id=&#8221;vc_gid:1519903894816-34987609-1175-10&#8243; include=&#8221;366,377,336,389,390,391&#8243;][\/vc_column][\/vc_row]<\/p>\n","protected":false},"author":9192193,"featured_media":0,"parent":0,"menu_order":0,"comment_status":"closed","ping_status":"closed","template":"","meta":{"_acf_changed":false,"footnotes":""},"acf":[],"_links":{"self":[{"href":"https:\/\/www.idertia.es\/eu\/wp-json\/wp\/v2\/pages\/386"}],"collection":[{"href":"https:\/\/www.idertia.es\/eu\/wp-json\/wp\/v2\/pages"}],"about":[{"href":"https:\/\/www.idertia.es\/eu\/wp-json\/wp\/v2\/types\/page"}],"author":[{"embeddable":true,"href":"https:\/\/www.idertia.es\/eu\/wp-json\/wp\/v2\/users\/9192193"}],"replies":[{"embeddable":true,"href":"https:\/\/www.idertia.es\/eu\/wp-json\/wp\/v2\/comments?post=386"}],"version-history":[{"count":0,"href":"https:\/\/www.idertia.es\/eu\/wp-json\/wp\/v2\/pages\/386\/revisions"}],"wp:attachment":[{"href":"https:\/\/www.idertia.es\/eu\/wp-json\/wp\/v2\/media?parent=386"}],"curies":[{"name":"wp","href":"https:\/\/api.w.org\/{rel}","templated":true}]}}