{"id":921,"date":"2019-07-19T12:27:05","date_gmt":"2019-07-19T12:27:05","guid":{"rendered":"https:\/\/www.idertia.es\/?page_id=921"},"modified":"2019-07-30T09:41:24","modified_gmt":"2019-07-30T09:41:24","slug":"proyectos","status":"publish","type":"page","link":"https:\/\/www.idertia.es\/en\/proyectos\/","title":{"rendered":"Proyectos"},"content":{"rendered":"<div class=\"wpb-content-wrapper\"><p>[vc_row type=&#8221;vc_default&#8221; full_width=&#8221;stretch_row&#8221; css=&#8221;.vc_custom_1563539215814{margin-top: -70px !important;padding-top: 40px !important;padding-bottom: 40px !important;}&#8221;][vc_column][vc_column_text]<\/p>\n<h1 class=\"h2-size\" style=\"text-align: center; color: #363636;\">Proyectos<\/h1>\n<p>[\/vc_column_text][vc_empty_space height=&#8221;20px&#8221;][vc_row_inner disable_element=&#8221;yes&#8221;][vc_column_inner width=&#8221;1\/6&#8243;][\/vc_column_inner][vc_column_inner width=&#8221;2\/3&#8243;][vc_column_text]<\/p>\n<p style=\"text-align: center;\">Idertia, es un proveedor de soluciones en el \u00e1mbito del componente pl\u00e1stico. Desde la fase conceptual hasta la entrega de pieza serie. Empleamos m\u00e9todos de industrializaci\u00f3n pioneros en el sector: Composites termopl\u00e1sticos, Insert Mold Decoration (IMD), piezas de Alto valor a\u00f1adido.<\/p>\n<p>[\/vc_column_text][\/vc_column_inner][vc_column_inner width=&#8221;1\/6&#8243;][\/vc_column_inner][\/vc_row_inner][\/vc_column][\/vc_row][vc_row type=&#8221;vc_default&#8221;][vc_column][vc_raw_html]JTVCcHJveWVjdG9zJTIwZmlsdHJvJTNEJTIyMSUyMiU1RA==[\/vc_raw_html][\/vc_column][\/vc_row]<\/p>\n<\/div>","protected":false},"excerpt":{"rendered":"<p>[vc_row type=&#8221;vc_default&#8221; full_width=&#8221;stretch_row&#8221; css=&#8221;.vc_custom_1563539215814{margin-top: -70px !important;padding-top: 40px !important;padding-bottom: 40px !important;}&#8221;][vc_column][vc_column_text] Proyectos [\/vc_column_text][vc_empty_space height=&#8221;20px&#8221;][vc_row_inner disable_element=&#8221;yes&#8221;][vc_column_inner width=&#8221;1\/6&#8243;][\/vc_column_inner][vc_column_inner width=&#8221;2\/3&#8243;][vc_column_text] Idertia, es un proveedor de soluciones en el \u00e1mbito del componente pl\u00e1stico. Desde la fase conceptual hasta la entrega de pieza serie. Empleamos m\u00e9todos de industrializaci\u00f3n pioneros en el sector: Composites termopl\u00e1sticos, Insert Mold Decoration (IMD), piezas de Alto&hellip;<\/p>\n","protected":false},"author":9192193,"featured_media":0,"parent":0,"menu_order":0,"comment_status":"closed","ping_status":"closed","template":"","meta":{"_acf_changed":false,"footnotes":""},"acf":[],"_links":{"self":[{"href":"https:\/\/www.idertia.es\/en\/wp-json\/wp\/v2\/pages\/921"}],"collection":[{"href":"https:\/\/www.idertia.es\/en\/wp-json\/wp\/v2\/pages"}],"about":[{"href":"https:\/\/www.idertia.es\/en\/wp-json\/wp\/v2\/types\/page"}],"author":[{"embeddable":true,"href":"https:\/\/www.idertia.es\/en\/wp-json\/wp\/v2\/users\/9192193"}],"replies":[{"embeddable":true,"href":"https:\/\/www.idertia.es\/en\/wp-json\/wp\/v2\/comments?post=921"}],"version-history":[{"count":3,"href":"https:\/\/www.idertia.es\/en\/wp-json\/wp\/v2\/pages\/921\/revisions"}],"predecessor-version":[{"id":952,"href":"https:\/\/www.idertia.es\/en\/wp-json\/wp\/v2\/pages\/921\/revisions\/952"}],"wp:attachment":[{"href":"https:\/\/www.idertia.es\/en\/wp-json\/wp\/v2\/media?parent=921"}],"curies":[{"name":"wp","href":"https:\/\/api.w.org\/{rel}","templated":true}]}}