{"id":1172,"date":"2022-10-03T00:10:00","date_gmt":"2022-10-02T23:10:00","guid":{"rendered":"https:\/\/www.idertia.es\/ueber-idertia\/"},"modified":"2025-07-07T13:51:54","modified_gmt":"2025-07-07T12:51:54","slug":"ueber-idertia","status":"publish","type":"page","link":"https:\/\/www.idertia.es\/de\/ueber-idertia\/","title":{"rendered":"\u00dcber Idertia"},"content":{"rendered":"<div class=\"wpb-content-wrapper\"><p>[vc_section][vc_row][vc_column][vc_column_text]<\/p>\n<h1 class=\"h2-size\" style=\"text-align: center; color: #363636;\">\u00dcber Idertia<\/h1>\n<p>[\/vc_column_text][vc_column_text css=&#8220;.vc_custom_1751891799438{margin-top: 30px !important;}&#8220;]<\/p>\n<p style=\"text-align: center;\">Idertia Soluciones Industriales ist ein privates Unternehmen, dessen Hauptzweck die F\u00f6rderung der <strong>technologischen<\/strong> Aktivit\u00e4ten <strong>in den Bereichen Kunststoffverarbeitung, Formen und Werkzeugbau<\/strong> ist.<\/p>\n<p style=\"text-align: center;\">Idertia wurde 2010 mitten in der Krise gegr\u00fcndet und vereint die Berufserfahrung eines Teams von Mitarbeitern, die aus der <strong>Automobilindustrie (T1, T2 und Werkzeughersteller)<\/strong> gerettet wurden. Unsere Erfolgsbilanz ist zwar klein, aber unser Wissen und unsere Erfahrung sind umfassend.<\/p>\n<p style=\"text-align: center;\">Wir decken den gesamten Produktzyklus ab: von der Konzeptionsphase bis zur Auslieferung des Serienteils. Wir f\u00fchren innovative Linien in den beiden Hauptbereichen <strong>Werkzeugbau und Kunststoffverarbeitung<\/strong> ein.<\/p>\n<p>[\/vc_column_text][vc_single_image image=&#8220;1262&#8243; img_size=&#8220;full&#8220; alignment=&#8220;center&#8220; image_hovers=&#8220;false&#8220; css=&#8220;.vc_custom_1751622525562{margin-top: 40px !important;}&#8220;][\/vc_column][\/vc_row][\/vc_section][vc_section css=&#8220;.vc_custom_1751622854416{padding-top: 70px !important;padding-bottom: 70px !important;}&#8220;][vc_row][vc_column][vc_column_text]<\/p>\n<div class=\"titulo-fnd-azul\">\n<h3 class=\"titulo-fnd\">EIN TECHNOLOGIEPARTNER F\u00dcR KUNSTSTOFFPRODUKTL\u00d6SUNGEN<\/h3>\n<\/div>\n<p>[\/vc_column_text][\/vc_column][\/vc_row][vc_row type=&#8220;vc_default&#8220; css=&#8220;.vc_custom_1751622892267{margin-top: 50px !important;}&#8220;][vc_column width=&#8220;1\/4&#8243;]<div class=\"aio-icon-component    style_1\"><div id=\"Info-box-wrap-3469\" class=\"aio-icon-box top-icon\" style=\"\"  ><div class=\"aio-icon-top\"><div class=\"ult-just-icon-wrapper  \"><div class=\"align-icon\" style=\"text-align:center;\">\n<div class=\"aio-icon-img \" style=\"font-size:150px;display:inline-block;\" >\n\t<img decoding=\"async\" class=\"img-icon\" alt=\"null\" src=\"https:\/\/www.idertia.es\/wp-content\/uploads\/2018\/02\/icono_capacidad.png\"\/>\n<\/div><\/div><\/div><\/div><div class=\"aio-icon-header\" ><h3 class=\"aio-icon-title ult-responsive\"  data-ultimate-target='#Info-box-wrap-3469 .aio-icon-title'  data-responsive-json-new='{\"font-size\":\"\",\"line-height\":\"\"}'  style=\"color:#363636;\">Reaktionsf\u00e4higkeit<\/h3><\/div> <!-- header --><div class=\"aio-icon-description ult-responsive\"  data-ultimate-target='#Info-box-wrap-3469 .aio-icon-description'  data-responsive-json-new='{\"font-size\":\"\",\"line-height\":\"\"}'  style=\"\"><\/p>\n<p style=\"text-align: center;\">Idertia reagiert auf jedes Projekt zur Umgestaltung von Kunststoffen, indem sie ma\u00dfgeschneiderte L\u00f6sungen f\u00fcr den Kunden entwickelt.<\/p>\n<p><\/div> <!-- description --><\/div> <!-- aio-icon-box --><\/div> <!-- aio-icon-component --><div class=\"ult-spacer spacer-69e75e46e3cb2\" data-id=\"69e75e46e3cb2\" data-height=\"\" data-height-mobile=\"10\" data-height-tab=\"10\" data-height-tab-portrait=\"10\" data-height-mobile-landscape=\"10\" style=\"clear:both;display:block;\"><\/div>[\/vc_column][vc_column width=&#8220;1\/4&#8243;]<div class=\"aio-icon-component    style_1\"><div id=\"Info-box-wrap-6325\" class=\"aio-icon-box top-icon\" style=\"\"  ><div class=\"aio-icon-top\"><div class=\"ult-just-icon-wrapper  \"><div class=\"align-icon\" style=\"text-align:center;\">\n<div class=\"aio-icon-img \" style=\"font-size:150px;display:inline-block;\" >\n\t<img decoding=\"async\" class=\"img-icon\" alt=\"null\" src=\"https:\/\/www.idertia.es\/wp-content\/uploads\/2018\/02\/icono_calidad.png\"\/>\n<\/div><\/div><\/div><\/div><div class=\"aio-icon-header\" ><h3 class=\"aio-icon-title ult-responsive\"  data-ultimate-target='#Info-box-wrap-6325 .aio-icon-title'  data-responsive-json-new='{\"font-size\":\"\",\"line-height\":\"\"}'  style=\"color:#363636;\">Zertifizierte Qualit\u00e4t<\/h3><\/div> <!-- header --><div class=\"aio-icon-description ult-responsive\"  data-ultimate-target='#Info-box-wrap-6325 .aio-icon-description'  data-responsive-json-new='{\"font-size\":\"\",\"line-height\":\"\"}'  style=\"\"><\/p>\n<p style=\"text-align: center;\">Das Zertifikat IATF 16949 bescheinigt uns die F\u00e4higkeit, Kunststoffteile zu entwerfen, zu entwickeln, zu produzieren und zu montieren.<\/p>\n<p><\/div> <!-- description --><\/div> <!-- aio-icon-box --><\/div> <!-- aio-icon-component --><div class=\"ult-spacer spacer-69e75e46e4352\" data-id=\"69e75e46e4352\" data-height=\"\" data-height-mobile=\"10\" data-height-tab=\"10\" data-height-tab-portrait=\"10\" data-height-mobile-landscape=\"10\" style=\"clear:both;display:block;\"><\/div>[\/vc_column][vc_column width=&#8220;1\/4&#8243;]<div class=\"aio-icon-component    style_1\"><div id=\"Info-box-wrap-1787\" class=\"aio-icon-box top-icon\" style=\"\"  ><div class=\"aio-icon-top\"><div class=\"ult-just-icon-wrapper  \"><div class=\"align-icon\" style=\"text-align:center;\">\n<div class=\"aio-icon-img \" style=\"font-size:150px;display:inline-block;\" >\n\t<img decoding=\"async\" class=\"img-icon\" alt=\"null\" src=\"https:\/\/www.idertia.es\/wp-content\/uploads\/2018\/02\/icono_tecnologia.png\"\/>\n<\/div><\/div><\/div><\/div><div class=\"aio-icon-header\" ><h3 class=\"aio-icon-title ult-responsive\"  data-ultimate-target='#Info-box-wrap-1787 .aio-icon-title'  data-responsive-json-new='{\"font-size\":\"\",\"line-height\":\"\"}'  style=\"color:#363636;\">Neueste Technologie<\/h3><\/div> <!-- header --><div class=\"aio-icon-description ult-responsive\"  data-ultimate-target='#Info-box-wrap-1787 .aio-icon-description'  data-responsive-json-new='{\"font-size\":\"\",\"line-height\":\"\"}'  style=\"\"><\/p>\n<p style=\"text-align: center;\">In st\u00e4ndiger Innovation, Idertia hat neueste Technologie Maschinen f\u00fcr die Entwicklung der Arbeit in st\u00e4ndige Verbesserung.<\/p>\n<p><\/div> <!-- description --><\/div> <!-- aio-icon-box --><\/div> <!-- aio-icon-component --><div class=\"ult-spacer spacer-69e75e46e4959\" data-id=\"69e75e46e4959\" data-height=\"\" data-height-mobile=\"10\" data-height-tab=\"10\" data-height-tab-portrait=\"10\" data-height-mobile-landscape=\"10\" style=\"clear:both;display:block;\"><\/div>[\/vc_column][vc_column width=&#8220;1\/4&#8243;]<div class=\"aio-icon-component    style_1\"><div id=\"Info-box-wrap-5209\" class=\"aio-icon-box top-icon\" style=\"\"  ><div class=\"aio-icon-top\"><div class=\"ult-just-icon-wrapper  \"><div class=\"align-icon\" style=\"text-align:center;\">\n<div class=\"aio-icon-img \" style=\"font-size:150px;display:inline-block;\" >\n\t<img decoding=\"async\" class=\"img-icon\" alt=\"null\" src=\"https:\/\/www.idertia.es\/wp-content\/uploads\/2018\/02\/icono_experiencia.png\"\/>\n<\/div><\/div><\/div><\/div><div class=\"aio-icon-header\" ><h3 class=\"aio-icon-title ult-responsive\"  data-ultimate-target='#Info-box-wrap-5209 .aio-icon-title'  data-responsive-json-new='{\"font-size\":\"\",\"line-height\":\"\"}'  style=\"color:#363636;\">Umfassende Erfahrung<\/h3><\/div> <!-- header --><div class=\"aio-icon-description ult-responsive\"  data-ultimate-target='#Info-box-wrap-5209 .aio-icon-description'  data-responsive-json-new='{\"font-size\":\"\",\"line-height\":\"\"}'  style=\"\"><\/p>\n<p style=\"text-align: center;\">Das Team von Idertia verf\u00fcgt \u00fcber Erfahrung Kontrastiert in der Automobilindustrie (T1, T2 und Werkzeughersteller).<\/p>\n<p><\/div> <!-- description --><\/div> <!-- aio-icon-box --><\/div> <!-- aio-icon-component -->[\/vc_column][\/vc_row][vc_row][vc_column][vc_column_text css=&#8220;.vc_custom_1751892672015{margin-top: 40px !important;margin-bottom: 30px !important;border-bottom-width: 1px !important;padding-bottom: 15px !important;border-bottom-color: #bababa !important;border-bottom-style: solid !important;}&#8220;]<\/p>\n<h4 class=\"titulo-galeria\">B\u00fcro<\/h4>\n<p>[\/vc_column_text][vc_media_grid element_width=&#8220;3&#8243; grid_id=&#8220;vc_gid:1751892594559-bd7bc41f-6e5b-2&#8243; include=&#8220;1268,1272,1276,1280,1284,1288,1292,1296&#8243;][vc_column_text css=&#8220;.vc_custom_1751892679767{margin-top: 50px !important;margin-bottom: 30px !important;border-bottom-width: 1px !important;padding-bottom: 15px !important;border-bottom-color: #bababa !important;border-bottom-style: solid !important;}&#8220;]<\/p>\n<h4 class=\"titulo-galeria\">Fabrik<\/h4>\n<p>[\/vc_column_text][vc_media_grid element_width=&#8220;3&#8243; grid_id=&#8220;vc_gid:1751892594562-04bc45c9-e4c0-6&#8243; include=&#8220;1301,1305,1309,1313,1317,1321,1325,1329&#8243;][vc_column_text css=&#8220;.vc_custom_1751892687254{margin-top: 50px !important;margin-bottom: 30px !important;border-bottom-width: 1px !important;padding-bottom: 15px !important;border-bottom-color: #bababa !important;border-bottom-style: solid !important;}&#8220;]<\/p>\n<h4 class=\"titulo-galeria\">Prozesse<\/h4>\n<p>[\/vc_column_text][vc_media_grid element_width=&#8220;3&#8243; grid_id=&#8220;vc_gid:1751892594564-a1b3b67a-db99-6&#8243; include=&#8220;1333,1337,1341,1345,1349,1353,1357,1361,1365,1369,1373,1377,1381,1385,1389,1393,1397,1401,1405,1409&#8243;][vc_column_text css=&#8220;.vc_custom_1751892695230{margin-top: 50px !important;margin-bottom: 30px !important;border-bottom-width: 1px !important;padding-bottom: 15px !important;border-bottom-color: #bababa !important;border-bottom-style: solid !important;}&#8220;]<\/p>\n<h4 class=\"titulo-galeria\">Einige unserer Produkte<\/h4>\n<p>[\/vc_column_text][vc_media_grid element_width=&#8220;3&#8243; grid_id=&#8220;vc_gid:1751892594569-cd1ecdf8-ffae-0&#8243; include=&#8220;1429,1413,1469,1465,1445,1461,1457,1449,1453,1441,1437,1433,1425,1421,1417&#8243;][\/vc_column][\/vc_row][vc_row type=&#8220;vc_default&#8220; disable_element=&#8220;yes&#8220;][vc_column][vc_media_grid element_width=&#8220;3&#8243; grid_id=&#8220;vc_gid:1751892594573-d7cbf017-773b-4&#8243; include=&#8220;384,383,382,363,365,366,367,368,369,377,378,380,362,364,488,489&#8243;][\/vc_column][\/vc_row][\/vc_section]<\/p>\n<\/div>","protected":false},"excerpt":{"rendered":"<p>[vc_section][vc_row][vc_column][vc_column_text] \u00dcber Idertia [\/vc_column_text][vc_column_text css=&#8220;.vc_custom_1751891799438{margin-top: 30px !important;}&#8220;] Idertia Soluciones Industriales ist ein privates Unternehmen, dessen Hauptzweck die F\u00f6rderung der technologischen Aktivit\u00e4ten in den Bereichen Kunststoffverarbeitung, Formen und Werkzeugbau ist. Idertia wurde 2010 mitten in der Krise gegr\u00fcndet und vereint die Berufserfahrung eines Teams von Mitarbeitern, die aus der Automobilindustrie (T1, T2 und Werkzeughersteller) gerettet wurden.&hellip;<\/p>\n","protected":false},"author":9192193,"featured_media":0,"parent":0,"menu_order":0,"comment_status":"closed","ping_status":"closed","template":"","meta":{"_acf_changed":false,"footnotes":""},"acf":[],"_links":{"self":[{"href":"https:\/\/www.idertia.es\/de\/wp-json\/wp\/v2\/pages\/1172"}],"collection":[{"href":"https:\/\/www.idertia.es\/de\/wp-json\/wp\/v2\/pages"}],"about":[{"href":"https:\/\/www.idertia.es\/de\/wp-json\/wp\/v2\/types\/page"}],"author":[{"embeddable":true,"href":"https:\/\/www.idertia.es\/de\/wp-json\/wp\/v2\/users\/9192193"}],"replies":[{"embeddable":true,"href":"https:\/\/www.idertia.es\/de\/wp-json\/wp\/v2\/comments?post=1172"}],"version-history":[{"count":6,"href":"https:\/\/www.idertia.es\/de\/wp-json\/wp\/v2\/pages\/1172\/revisions"}],"predecessor-version":[{"id":1604,"href":"https:\/\/www.idertia.es\/de\/wp-json\/wp\/v2\/pages\/1172\/revisions\/1604"}],"wp:attachment":[{"href":"https:\/\/www.idertia.es\/de\/wp-json\/wp\/v2\/media?parent=1172"}],"curies":[{"name":"wp","href":"https:\/\/api.w.org\/{rel}","templated":true}]}}